{"id":546,"date":"2021-11-15T20:09:34","date_gmt":"2021-11-15T20:09:34","guid":{"rendered":"https:\/\/dfj.dev-evocode.net\/?page_id=546"},"modified":"2022-02-22T22:22:15","modified_gmt":"2022-02-22T22:22:15","slug":"terms-of-service","status":"publish","type":"page","link":"https:\/\/app.dinfamiliejurist.dk\/en\/terms-of-service\/","title":{"rendered":"Vilk\u00e5r &amp; Betingelser for medlemskab"},"content":{"rendered":"<div class=\"mb-4\">\n<p class=\"mb-1\">Din Familiejurist ApS 21. juni 2021 CVR. nr. 40165509<\/p>\n<p class=\"mb-1\">Sluseholmen 1<\/p>\n<p class=\"mb-1\">2450, K\u00f8benhavn SV<\/p>\n<\/div>\n<p>Det er vigtigt, at du giver dig tid til at l\u00e6se DinFamilie vilka\u030ar og betingelser grundigt igennem,  inden du siger ja og tilmelder dig. Du skal jo vide, hvad du siger ja til.<\/p>\n<p>Det er Din Familiejurist ApS (CVR. 40165509), Sluseholmen 1, 2450 K\u00f8benhavn SV, der sta\u030ar bag DinFamilie. Henvendelser vedr. DinFamilie kan rettes til Kundeservice pa\u030atlf. nr. 7030 5570 eller e-mail: <a href=\"mailto:kontakt@dinfamiliejurist.dk\" target=\"_blank\" rel=\"noopener\">kontakt@dinfamiliejurist.dk<\/a>.<\/p>\n<p>DinFamilie er et fordelsprogram, der giver fordele, na\u030ar du tilmelder dig p\u00e5 Dinfamiliejurist.dk. Vi tilbyder assistance med opdatering af dine dokumenter og informerer dig, n\u00e5r du b\u00f8r overveje at f\u00e5 oprettet nye. Desuden s\u00f8rger vi for, med det samme og helt automatisk, at tilsende dine dokumenter til de rette personer, i tilf\u00e6lde af at du skulle g\u00e5 bort.<\/p>\n<p>Det betyder i at du kan v\u00e6re helt tryg ved at b\u00e5de du og dine p\u00e5r\u00f8rende er i sikre h\u00e6nder, i\u00a0tilf\u00e6lde af at der sker st\u00f8rre \u00e6ndringer i dit liv.<\/p>\n<h3>Betingelser for at blive medlem af DinFamilie<\/h3>\n<p>Det koster ikke noget at blive medlem, men du skal v\u00e6re fyldt 18 a\u030ar for at v\u00e6re medlem af\u00a0DinFamilie. For at blive medlem er det obligatorisk, at du oplyser dit navn, adresse, e-mail,\u00a0mobilnummer. Dit medlemskab er personligt og ma\u030aikke benyttes af andre personer end dig\u00a0selv.<\/p>\n<p>Hvis vi bliver opm\u00e6rksomme pa\u030a, at en person under 18 a\u030ar er medlem af DinFamilie, eller en\u00a0anden person benytter din profil, er vi berettiget til, at fjerne dig som medlem.<\/p>\n<h3>Medlemsfordele<\/h3>\n<p>Som medlem af DinFamilie vil du have et fordelsprogram du kan nyde godt af, sa\u030al\u00e6nge du er\u00a0medlem hos os. Fordelsprogrammet best\u00e5r i dag af tre eksklusive fordele, men vil l\u00f8bende blive\u00a0opdateret, sa\u030adu altid har de bedste og mest relevante l\u00f8sninger tilg\u00e6ngelige. L\u00e6s mere om de\u00a0tre fordele nedenfor:<\/p>\n<h4>Opbevaring af dokumenter<\/h4>\n<p>Som medlem af DinFamilie, vil alle dine dokumenter, der er k\u00f8bt, blive gemt i vores arkiv, under\u00a0dit medlemskab. Dette g\u00f8r, at du ikke skal t\u00e6nke p\u00e5 at gemme dokumenterne de rigtige steder,\u00a0s\u00e5 de igen kan findes frem den dag, de skal bruges. Vi sikrer at dine dokumenter bliver gemt og\u00a0opbevaret hos os, og det bliver gemt forsvarligt og kun fortrolige medarbejdere har adgang til\u00a0dine data. S\u00e5fremt du f\u00e5r brug for dine dokumenter, kan du altid finde dem ved at kontakte\u00a0vores kundeservice pa\u030akontaktinformationer ovenfor.<\/p>\n<h4>Fremsendelse af dokumenter til p\u00e5r\u00f8rende<\/h4>\n<p>Der kommer desv\u00e6rre en dag, hvor dine dokumenter skal bruges, og i det tilf\u00e6lde vil vi altid s\u00f8rge for, at dine dokumenter bliver delt med dine p\u00e5r\u00f8rende, sa\u030a du ikke pa\u030aforh\u00e5nd er n\u00f8dsaget\u00a0til at dele dokumenterne med dem. Vi s\u00f8rger nemlig for, at dine dokumenter bliver sendt til dine\u00a0udvalgte p\u00e5r\u00f8rende, og sparer dem dermed tid, i en sv\u00e6r situation.<\/p>\n<h4>Ajourf\u00f8ring af dine oplysninger<\/h4>\n<p>Der sker l\u00f8bende \u00e6ndringer i dit liv hvilket kr\u00e6ver, at vi skal opdatere en masse oplysninger en\u00a0del forskellige steder. Det samme g\u00e6lder for dine dokumenter. Det kan ske ved, at man bliver\u00a0gift og i den forbindelse skifter efternavn, v\u00e6lger at blive skilt, f\u00e5r flere b\u00f8rn eller b\u00f8rneb\u00f8rn,\u00a0k\u00f8ber bolig eller opretter virksomhed. Hos Din Familiejurist \u00f8nsker vi at g\u00f8re hverdagen\u00a0nemmere for dig. Derfor har vi i vores medlemskab, ogs\u00e5 fordelen af at kunne ajourf\u00f8re dine\u00a0oplysninger, n\u00e5r der sker st\u00f8rre \u00e6ndringer i dit liv \u2013 Dette g\u00f8r vi ved at matche dine oplysninger\u00a0mod CPR-registeret, hvilket g\u00f8r, at vi altid har de korrekte informationer omkring dig.\u00a0Derudover vil vi ajourf\u00f8re dine oplysninger mod boligregistre og andre relevante registre, hvor\u00a0vi ser det n\u00f8dvendigt for, at kunne give dig den bedste oplevelse i forbindelse med dit\u00a0medlemskab.<\/p>\n<p>Dette betyder at du slipper for at skulle bekymre dig om at finde ud af hvorn\u00e5r du skal opdatere\u00a0hvilket dokumenter \u2013 Vi skal nok sige til!<\/p>\n<h3>Gode tips og tilbud<\/h3>\n<p>N\u00e5r du tilmelder dig DinFamilie, giver du samtidig samtykke til, at vi og vores\u00a0samarbejdspartnere ma\u030akontakte dig med tips, tilbud, konkurrencer, kampagner,\u00a0sp\u00f8rgeskemaer, events m.m., der passer til dig og dit l\u00f8bende behov. Det kunne eksempelvis\u00a0v\u00e6re hvis du som medlem kan f\u00e5 rabat p\u00e5 et juridisk dokument fra en af vores\u00a0samarbejdspartnere eller at du har vundet en gratis servicepakke igennem dit medlemskab.\u00a0<\/p>\n<p>Datasikkerhed er vigtigt for os. S\u00e5 n\u00e5r vi sender dig e-mails fra DinFamilie, sender vi dem altid\u00a0fra en e-mailadresse der ender med enten @dinfamiliejurist.dk eller @testamentedanmark.dk.\u00a0Hvis du er i tvivl, om en e-mail du modtager er fra os, kan du tjekke, om den er sendt fra vores e mailadresse eller kontakte <a href=\"mailto:kontakt@dinfamiliejurist.dk\" target=\"_blank\" rel=\"noopener\">kontakt@dinfamiliejurist.dk<\/a> eller <a href=\"tel:+4570305570\">70305570<\/a>.<\/p>\n<p>Det er mest normalt, at vi sender dig e-mails, men vi kan ogs\u00e5 sende dig sms og bruge\u00a0kommunikationsapps (f.eks. Messenger) eller sociale medier (f.eks. Facebook), hvis du har givet\u00a0samtykke til dette.<\/p>\n<h3>Binding og opsigelse af medlemskab<\/h3>\n<p>Der er ingen binding, n\u00e5r du v\u00e6lger at blive medlem hos DinFamilie, og du kan derfor til enhver\u00a0tid opsige dit medlemskab, hvis du ikke l\u00e6ngere \u00f8nsker at benytte dig af vores fordelsprogram.\u00a0Du kan opsige dit medlemskab ved at skrive til e-mailadressen <a href=\"mailto:afmeld@dinfamiliejurist.dk\" target=\"_blank\" rel=\"noopener\">afmeld@dinfamiliejurist.dk<\/a>. Der\u00a0kan ga\u030aop til 10 hverdage, f\u00f8r dit medlemskab, bliver slettet, men vi bestr\u00e6ber os pa\u030a, at slette<\/p>\n<p>det hurtigst muligt. Du vil modtage en besked via e-mail, der bekr\u00e6fter opsigelsen af dit\u00a0DinFamilie medlemskab.<\/p>\n<h3>H\u00e5ndtering af databeskyttelse (GDPR)<\/h3>\n<p>Det er Din Familiejurist ApS, der er dataansvarlig for dine personoplysninger. N\u00e5r du tilmelder\u00a0dig DinFamilie, giver du os tilladelse til, at vi ma\u030abehandle dine personoplysninger til h\u00e5ndtering af dit medlemskab herunder til profilering til brug for m\u00e5lrettet markedsf\u00f8ring.\u00a0\u00a0<\/p>\n<p>Vi behandler f\u00f8lgende oplysninger om dig:<\/p>\n<ul>\n<li>De oplysninger du giver, n\u00e5r du tilmelder dig DinFamilie, og n\u00e5r du opdaterer din profil  (navn, adresse, e-mail, telefonnummer, antal b\u00f8rn og deres alder samt boligtype),<\/li>\n<li>Oplysninger om dine k\u00f8b hos Din Familiejurist, hvis du samtidig anvender dit  medlemskab,<\/li>\n<li>Oplysning om dit medlemsnummer,<\/li>\n<li>Oplysninger om, hvilke nyhedsmails du \u00e5bner og klikker i,<\/li>\n<li>Oplysning om, hvilke sider du bes\u00f8ger pa\u030aDinfamiliejurist.dk, og hvilke produkter du  klikker pa\u030aog l\u00e6gger i kurv. N\u00e5r du f\u00e6rdes pa\u030aDinfamiliejurist.dk g\u00e6lder Din Familiejurists Persondatapolitik,<\/li>\n<li>Svar pa\u030asp\u00f8rgsm\u00e5l fra os og dialog du har med os om dine k\u00f8b eller dit medlemskab, og \u2022 Oplysninger om vores konkurrencer, som du deltager i.<\/li>\n<\/ul>\n<p>Vi videregiver dine informationer til tredjepart, hvor det er relevant i forhold til dit medlemskab\u00a0eller hvor vi er forpligtet til det if\u00f8lge loven.<\/p>\n<p>Form\u00e5let med vores behandling af dine oplysninger er at ud\u00f8ve m\u00e5lrettet markedsf\u00f8ring af\u00a0vores services. Vores hjemmel til at behandle dine oplysninger til dette form\u00e5l er dit samtykke\u00a0til medlemskab af DinFamilie, jf. Databeskyttelsesforordningens art. 6, stk. 1, litra a. Du har altid\u00a0mulighed for, at tilbagekalde dit samtykke, ved at opsige dit medlemskab.<\/p>\n<h4>Dine oplysninger behandles pa\u030af\u00f8lgende m\u00e5de:<\/h4>\n<p>Vi bruger dine oplysninger til profilering for, at fa\u030aviden om dine produktpr\u00e6ferencer, sa\u030avi kan\u00a0m\u00e5lrette vores markedsf\u00f8ring og kommunikation med dig og dermed sikre, at du f\u00e5r relevante\u00a0tilbud, der matcher dig og dine interesser.<\/p>\n<p>Har du deltaget i en af vores konkurrencer, bruger vi desuden de oplysninger du har afgivet i\u00a0forbindelse med din deltagelse for at kunne give dig din gevinst, hvis du vinder.<\/p>\n<p>I forbindelse med henvendelser fra dig, f.eks. vedr\u00f8rende dine k\u00f8b eller dit medlemskab, vil dine\u00a0oplysninger blive brugt til at besvare din henvendelse.<\/p>\n<p>I tilf\u00e6lde af konkret mistanke om misbrug af DinFamilie medlemskabet, kan dine oplysninger\u00a0desuden blive brugt i forbindelse med unders\u00f8gelser af eventuelle uregelm\u00e6ssigheder.\u00a0Form\u00e5let med denne behandling er at beskytte Din Familiejurists aktiver, og vores hjemmel til\u00a0at behandle dine oplysninger til dette form\u00e5l er vores berettigede interesse i at forebygge og\u00a0afsl\u00f8re uregelm\u00e6ssigheder, som kan medf\u00f8re tab for os og Databeskyttelsesforordningens art.\u00a06, stk. 1 litra f.<\/p>\n<p>Dine oplysninger bliver kun brugt til ovenn\u00e6vnte form\u00e5l. Vi deler ikke dine oplysninger med\u00a0vores Partnere, hvor det ikke er relevant, medmindre du beder os om det, f.eks. i forbindelse\u00a0med sagsbehandling. Din data vil dog blive delt med CPR. registeret for ajourf\u00f8ring af dine\u00a0oplysninger, samt de andre registre der anses for strengt n\u00f8dvendige for, at kunne drive dit\u00a0medlemskab pa\u030aet effektivt niveau.<\/p>\n<p>Du kan altid fa\u030aat vide hvem vi deler din data med, ved at bede om indsigt i dine oplysninger; se\u00a0nedenfor.<\/p>\n<h3>Dine rettigheder<\/h3>\n<h4>Sletning af persondata i DinFamilie<\/h4>\n<p>Vi sletter dine personoplysninger, n\u00e5r de ikke l\u00e6ngere er n\u00f8dvendige i forhold til det form\u00e5l,\u00a0som var grunden til indsamling, behandling og opbevaring af dine data. Det betyder, at hvis du\u00a0ikke har brugt dit DinFamilie medlemskab i 20 \u00e5r, forbeholder vi os ret til at slette dit\u00a0medlemskab, herunder din profil.<\/p>\n<p>Du vil pa\u030aforh\u00e5nd pr. e-mail blive orienteret om vores hensigt om at deaktivere dit medlemskab,\u00a0og du vil fa\u030amulighed for at svare, hvis du ikke \u00f8nsker, at vi skal slette din data.<\/p>\n<h4>Indsigt<\/h4>\n<p>Som medlem af DinFamilie kan du ved foresp\u00f8rgsel fa\u030aindsigt i, hvilke oplysninger vi har\u00a0behandlet om dig, hvor de stammer fra, og hvad vi anvender dem til.\u00a0\u00a0<\/p>\n<p>Du kan ogsa\u030a fa\u030a oplyst, hvor l\u00e6nge vi opbevarer dine data, og hvem, der modtager data om dig, i\u00a0det omfang vi videregiver data i Danmark og i udlandet.<\/p>\n<h4>Berigtigelse af din data<\/h4>\n<p>Hvis dine kundedata \u00e6ndres, f.eks. dit navn, e-mail eller telefon nummer, har du en forpligtelse\u00a0til at orientere Din Familiejurist om dette. Du kan til enhver tid opdatere dine kundedata ved at\u00a0logge dig ind pa\u030adin profil eller kontakte os p\u00e5 <a href=\"mailto:kontakt@dinfamiliejurist.dk\" target=\"_blank\" rel=\"noopener\">kontakt@dinfamiliejurist.dk<\/a> eller <a href=\"tel:+4570305570\">70305570<\/a>. Hvis\u00a0oplysningerne om dine p\u00e5r\u00f8rende \u00e6ndre sig, er du forpligtet til, at informere os.<\/p>\n<h4>\u00d8nske om at blive slettet<\/h4>\n<p>Du kan ogsa\u030a bede Din Familiejurist om, at opsige dit medlemskab, hvis du ikke l\u00e6ngere \u00f8nsker\u00a0at v\u00e6re medlem. Dette kan du g\u00f8re pa\u030adin profil, eller du kan bruge kontaktformularen under\u00a0\u201dKontakt os\u201d fanen. Du kan ogs\u00e5 kontakte os p\u00e5 <a href=\"mailto:kontakt@dinfamiliejurist.dk\" target=\"_blank\" rel=\"noopener\">kontakt@dinfamiliejurist.dk<\/a> eller <a href=\"tel:+4570305570\">70305570<\/a>. Du\u00a0skal v\u00e6re opm\u00e6rksom pa\u030a, at ved oph\u00f8r af dit medlemskab, bliver alle de indsamlede\u00a0oplysninger om dig slettet.<\/p>\n<h4>Begr\u00e6nsning af behandling<\/h4>\n<p>Du har i visse tilf\u00e6lde mulighed for at f\u00e5 begr\u00e6nset din behandling af dine oplysninger. Det kan\u00a0eksempelvis v\u00e6re, hvis du mener, at vi har forkerte oplysninger om dig, og skal stoppe\u00a0behandlingen af disse, men at vi i en periode er n\u00f8dsaget til, at beholde dem ift. vores\u00a0dokumentationskrav. Det kan ogs\u00e5 v\u00e6re i tilf\u00e6lde af, at dine oplysninger skal bruges til et\u00a0retskrav, men ikke skal behandles i andre henseender.<\/p>\n<h4>Ret til indsigelse ved direkte markedsf\u00f8ring<\/h4>\n<p>Hvis Din Familiejurist markedsf\u00f8rer direkte til dig, har du ret til, at g\u00f8re indsigelse mod en\u00a0s\u00e5dan behandling. Ved direkte markedsf\u00f8ring, menes der en markedsf\u00f8ring som direkte er\u00a0rettet mod dig som enkeltperson, og som kun du vil modtage. Hvis du g\u00f8r indsigelse mod\u00a0ovenst\u00e5ende behandling i forhold til direkte markedsf\u00f8ring, stopper vi pa\u030a indsigelsestidspunktet al markedsf\u00f8ring, der er direkte rettet til dig som enkeltperson.<\/p>\n<h3>Kontakt os<\/h3>\n<p>Hvis du vil have mere information, \u00e6ndre eller slette dine oplysninger ved din medlemsprofil, er\u00a0du altid velkommen til at kontakte os. Du kan enten skrive til os pa\u030ae-mail <a href=\"mailto:kontakt@dinfamiliejurist.dk\" target=\"_blank\" rel=\"noopener\">kontakt@dinfamiliejurist.dk<\/a>, eller du kan kontakte os pa\u030avores telefon <a href=\"tel:+4570305570\">70305570<\/a>.<\/p>\n<h3>Klage til tilsynsmyndighed<\/h3>\n<p>Du har ogsa\u030a mulighed for at klage over Din Familiejurists behandling af dine personoplysninger.\u00a0Klagen skal indgives til det danske Datatilsyn.<\/p>\n<h3>\u00c6ndringer af medlemskabet<\/h3>\n<p>Din Familiejurist ApS forbeholder sig ret til at \u00e6ndre fordelsprogrammets vilk\u00e5r og til helt at\u00a0stoppe DinFamilie programmet med 1 m\u00e5neds varsel. Alle dine dokumenter vil blive sendt til\u00a0din mail, og de andre services vil derfra bortfalde. Hvis der sker v\u00e6sentlige \u00e6ndringer med\u00a0fordelsprogrammet, vil Din Familiejurist ApS orientere dig om det i en mail. Din Familiejurist\u00a0ApS betragter \u00e6ndringerne som godkendt af dig, hvis du forts\u00e6tter med at bruge dit DinFamilie\u00a0medlemskab efter du har modtaget mailen. Hvis du ikke kan acceptere \u00e6ndringerne, ma\u030adu\u00a0melde dig ud af DinFamilie.<\/p>\n<p>Misbrug af medlemskabet kan medf\u00f8re permanent ekskludering af DinFamilie. Eksempler pa\u030a misbrug kan v\u00e6re snyd med medlemskabet eller uacceptabel opf\u00f8rsel over for Din\u00a0Familiejurists ansatte.<\/p>\n","protected":false},"excerpt":{"rendered":"<p>Din Familiejurist ApS 21. juni 2021 CVR. nr. 40165509 Sluseholmen 1 2450, K\u00f8benhavn SV Det er vigtigt, at du giver dig tid til at l\u00e6se DinFamilie vilka\u030ar og betingelser grundigt igennem, inden du siger ja og tilmelder dig. Du skal jo vide, hvad du siger ja til. Det er Din Familiejurist ApS (CVR. 40165509), Sluseholmen [&hellip;]<\/p>\n","protected":false},"author":1,"featured_media":0,"parent":0,"menu_order":0,"comment_status":"closed","ping_status":"closed","template":"template-pages\/terms-of-service.php","meta":{"footnotes":""},"class_list":["post-546","page","type-page","status-publish","hentry"],"acf":[],"_links":{"self":[{"href":"https:\/\/app.dinfamiliejurist.dk\/en\/wp-json\/wp\/v2\/pages\/546","targetHints":{"allow":["GET"]}}],"collection":[{"href":"https:\/\/app.dinfamiliejurist.dk\/en\/wp-json\/wp\/v2\/pages"}],"about":[{"href":"https:\/\/app.dinfamiliejurist.dk\/en\/wp-json\/wp\/v2\/types\/page"}],"author":[{"embeddable":true,"href":"https:\/\/app.dinfamiliejurist.dk\/en\/wp-json\/wp\/v2\/users\/1"}],"replies":[{"embeddable":true,"href":"https:\/\/app.dinfamiliejurist.dk\/en\/wp-json\/wp\/v2\/comments?post=546"}],"version-history":[{"count":3,"href":"https:\/\/app.dinfamiliejurist.dk\/en\/wp-json\/wp\/v2\/pages\/546\/revisions"}],"predecessor-version":[{"id":1816,"href":"https:\/\/app.dinfamiliejurist.dk\/en\/wp-json\/wp\/v2\/pages\/546\/revisions\/1816"}],"wp:attachment":[{"href":"https:\/\/app.dinfamiliejurist.dk\/en\/wp-json\/wp\/v2\/media?parent=546"}],"curies":[{"name":"wp","href":"https:\/\/api.w.org\/{rel}","templated":true}]}}