{"id":548,"date":"2021-11-15T20:09:40","date_gmt":"2021-11-15T20:09:40","guid":{"rendered":"https:\/\/dfj.dev-evocode.net\/?page_id=548"},"modified":"2022-02-22T22:30:55","modified_gmt":"2022-02-22T22:30:55","slug":"terms-of-service","status":"publish","type":"page","link":"https:\/\/app.dinfamiliejurist.dk\/sv\/terms-of-service\/","title":{"rendered":"Regler och villkor f\u00f6r medlemskap\u00a0"},"content":{"rendered":"<p>Det \u00e4r viktigt att du tar dig tid att l\u00e4sa DinFamiljejurist villkor noggrant innan du tackar ja och anm\u00e4ler dig.\u00a0Du m\u00e5ste veta vad du s\u00e4ger ja till.\u00a0<\/p>\n<p>Din Familiejurist ApS (CVR. 40165509) motsvarar det f\u00f6retag p\u00e5 den danska sidan som \u00e4ven \u00e4r grundaren\u00a0till DinFamiljejurist. Vi har ett kontor i Danmark, K\u00f6penhamn och ett i Sverige, Hyllie Stationsv\u00e4g 42, 215 32\u00a0Malm\u00f6. G\u00e4llande f\u00f6rfr\u00e5gningar ang\u00e5ende DinFamiljejurist h\u00e4nvisar vi till kundtj\u00e4nst p\u00e5 telefon: <a href=\"tel:+46406820530\">+46406820530<\/a> eller e-post: <a href=\"mailto:kontakt@dinfamiljejurist.nu\" target=\"_blank\" rel=\"noopener\">kontakt@dinfamiljejurist.nu<\/a><\/p>\n<p>DinFamiljejurist medlemskap \u00e4r ett f\u00f6rm\u00e5nsprogram som ger f\u00f6rm\u00e5ner n\u00e4r du registrerar dig p\u00e5\u00a0dinfamiljejurist.nu.<\/p>\n<p>Vi erbjuder hj\u00e4lp med att uppdatera dina dokument och informerar dig n\u00e4r du b\u00f6r \u00f6verv\u00e4ga att uppr\u00e4tta nya. Vi ombes\u00f6rjer dessutom, omedelbart och helt automatiskt, att skicka dina dokument till r\u00e4tt personer n\u00e4r du g\u00e5r bort.<\/p>\n<p>Det g\u00f6r att du kan vara helt s\u00e4ker p\u00e5 att b\u00e5de du och dina anh\u00f6riga \u00e4r i trygga h\u00e4nder om det skulle intr\u00e4ffa\u00a0stora f\u00f6r\u00e4ndringar i ditt liv.<\/p>\n<h2>Villkor f\u00f6r att bli medlem i DinFamiljejurist<\/h2>\n<p>Medlem hos oss \u00e4r kostnadsfritt, det enda kravet f\u00f6r att f\u00e5 vara medlem \u00e4r att du \u00e4r \u00f6ver 18 \u00e5r. F\u00f6r att bli\u00a0medlem beh\u00f6ver du uppger namn, adress, e-post och mobilnummer. Ditt medlemskap \u00e4r personligt och f\u00e5r\u00a0inte anv\u00e4ndas av n\u00e5gon annan \u00e4n dig sj\u00e4lv.<\/p>\n<p>Om vi f\u00e5r k\u00e4nnedom om att en person under 18 \u00e5r \u00e4r medlem i DinFamiljejurist eller n\u00e5gon annan person\u00a0anv\u00e4nder din profil, f\u00f6rbeh\u00e5ller vi oss r\u00e4tten att ta bort dig som medlem.<\/p>\n<h2>Medlemsf\u00f6rm\u00e5ner<\/h2>\n<p>Som medlem hos DinFamiljejurist kommer du att ha ett f\u00f6rm\u00e5nsprogram som du \u00e5tnjuter s\u00e5 l\u00e4nge du \u00e4r\u00a0medlem hos oss. F\u00f6rm\u00e5nsprogrammet best\u00e5r f\u00f6r n\u00e4rvarande av tre exklusiva f\u00f6rm\u00e5ner men kommer att\u00a0uppdateras kontinuerligt f\u00f6r att du alltid ska ha de b\u00e4sta och mest relevanta l\u00f6sningarna tillg\u00e4ngliga. L\u00e4s\u00a0mer om de tre f\u00f6rdelarna nedan:<\/p>\n<h2>Lagring av dokument<\/h2>\n<p>Som medlem i DinFamiljejurist kommer alla dina k\u00f6pta dokument att lagras i v\u00e5rt arkiv under ditt\u00a0medlemskap. Det g\u00f6r att du inte beh\u00f6ver oroa dig f\u00f6r att f\u00f6rvara handlingarna p\u00e5 r\u00e4tt st\u00e4llen och du\u00a0s\u00e4kerst\u00e4ller att dokumenten hittas den dagen de ska anv\u00e4ndas. Vi ser till att dina dokument lagras hos oss\u00a0och att de f\u00f6rvaras s\u00e4kert samt att endast konfidentiella medarbetare har tillg\u00e5ng till dina uppgifter. Om du\u00a0beh\u00f6ver dina handlingar kan du alltid hitta dem genom att kontakta v\u00e5r kundtj\u00e4nst p\u00e5 kontaktuppgifterna\u00a0ovan.<\/p>\n<h2>Skicka dokument till anh\u00f6riga<\/h2>\n<p>Tyv\u00e4rr kommer det en dag d\u00e5 dina handlingar m\u00e5ste anv\u00e4ndas och vi ser till att dina handlingar delas ut till\u00a0dina anh\u00f6riga, s\u00e5 att du inte beh\u00f6ver dela handlingarna med dem i f\u00f6rv\u00e4g. Vi ser till att dina handlingar\u00a0skickas till dina utvalda anh\u00f6riga och sparar dem p\u00e5 s\u00e5 s\u00e4tt tid f\u00f6r att dina anh\u00f6riga ska ta emot dem i en\u00a0sv\u00e5r situation.<\/p>\n<h2>Uppdaterar din information<\/h2>\n<p>Det sker st\u00e4ndiga f\u00f6r\u00e4ndringar i ditt liv som g\u00f6r att dina dokument kanske beh\u00f6ver skrivas om eller att ett\u00a0annat typ av dokument blir aktuellt. Det kan vara gifterm\u00e5l och att du byter efternamn, skilsm\u00e4ssa, att du skaffat fler barn eller barnbarn, k\u00f6pt bostad eller startat f\u00f6retag. P\u00e5 Din Familiejurist vill vi g\u00f6ra vardagen\u00a0enklare f\u00f6r dig och d\u00e4rf\u00f6r har vi i v\u00e5rt medlemskap \u00e4ven f\u00f6rdelen att kunna uppdatera dina uppgifter n\u00e4r det sker stora f\u00f6r\u00e4ndringar i ditt liv. Vi g\u00f6r detta genom att matcha dina uppgifter mot de uppgifter som\u00a0finns hos Skatteverket och vi kommer d\u00e4rf\u00f6r alltid har r\u00e4tt information om dig. Vi kommer dessutom uppdatera dina uppgifter mot folkbokf\u00f6ringsregistret och andra relevanta register n\u00e4r vi ser det som \u00e4r\u00a0n\u00f6dv\u00e4ndigt f\u00f6r att kunna ge dig den b\u00e4sta m\u00f6jliga nytta av ditt medlemskap.\u00a0<\/p>\n<p>Det g\u00f6r att du inte beh\u00f6ver oroa dig f\u00f6r att ta reda p\u00e5 n\u00e4r du ska uppdatera enskilda dokument \u2013 vi\u00a0kommer informera dig n\u00e4r det blir dags!<\/p>\n<h2>Bra tips och erbjudanden<\/h2>\n<p>N\u00e4r du anm\u00e4ler dig till DinFamiljejurist samtycker du \u00e4ven till att vi och v\u00e5ra samarbetspartners kontaktar\u00a0dig med tips, erbjudanden, t\u00e4vlingar, kampanjer, enk\u00e4ter, evenemang etc. som passar dig och dina l\u00f6pande\u00a0behov. Det kan till exempel vara att du som medlem kan f\u00e5 rabatt p\u00e5 en juridisk handling fr\u00e5n n\u00e5gon av\u00a0v\u00e5ra samarbetspartners eller att du vunnit ett gratis servicepaket genom ditt medlemskap.<\/p>\n<p>Datas\u00e4kerhet \u00e4r viktigt f\u00f6r oss. N\u00e4r vi skickar dig e-postmeddelanden fr\u00e5n DinFamiljejurist skickar vi dem\u00a0alltid fr\u00e5n en e-postadress som slutar med @dinfamiljejurist.nu. Om du \u00e4r os\u00e4ker p\u00e5 om ett e postmeddelande du f\u00e5r \u00e4r fr\u00e5n oss kan du kontrollera om det har skickats fr\u00e5n v\u00e5r e-postadress eller\u00a0kontakta <a href=\"mailto:kontakt@dinfamiljejurist.nu\" target=\"_blank\" rel=\"noopener\">kontakt@dinfamiljejurist.nu<\/a> eller ringa oss p\u00e5 <a href=\"tel:+46406820530\">+46406820530<\/a>.<\/p>\n<p>Det \u00e4r vanligast att vi skickar mejl till dig men vi kan \u00e4ven skicka sms till dig och anv\u00e4nda\u00a0kommunikationsappar (t.ex. Messenger) eller sociala medier (t.ex. Facebook) om du har gett ditt samtycke.<\/p>\n<h2>Bindningstid och upps\u00e4gning av medlemskap<\/h2>\n<p>Det \u00e4r ingen bindningstid n\u00e4r du v\u00e4ljer att bli medlem hos DinFamiljejurist och du kan d\u00e4rf\u00f6r s\u00e4ga upp ditt\u00a0medlemskap n\u00e4r som helst om du inte l\u00e4ngre vill anv\u00e4nda v\u00e5rt f\u00f6rm\u00e5nsprogram. Du kan avsluta ditt\u00a0medlemskap genom att skriva till e-postadressen <a href=\"mailto:afmeld@dinfamiliejurist.dk\" target=\"_blank\" rel=\"noopener\">afmeld@dinfamiliejurist.dk<\/a>. Det kan ta upp till 10\u00a0arbetsdagar f\u00f6r ditt medlemskap att raderas, men vi str\u00e4var efter att ta bort det s\u00e5 snart som m\u00f6jligt. Du\u00a0kommer att f\u00e5 ett meddelande via e-post som bekr\u00e4ftar upps\u00e4gningen av ditt DinFamiljejurist-medlemskap.<\/p>\n<h2>Dataskyddshantering (GDPR)<\/h2>\n<p>Det \u00e4r Din Familjejurist ApS som \u00e4r dataansvarig f\u00f6r dina personuppgifter. N\u00e4r du registrerar dig hos DinFamiljejurist ger du oss till\u00e5telse att behandla dina personuppgifter f\u00f6r hanteringen av ditt medlemskap,\u00a0inklusive f\u00f6r profilering i syfte att rikta marknadsf\u00f6ring.<\/p>\n<h2>Vi behandlar f\u00f6ljande information om dig:<\/h2>\n<p>Den information du l\u00e4mnar n\u00e4r du registrerar dig f\u00f6r ett medlemskap hos DinFamiljejurist samt n\u00e4r du\u00a0uppdaterar din profil (namn, adress, e-post, telefonnummer, antal barn och deras \u00e5lder och typ av hem).<\/p>\n<p>Information om dina k\u00f6p hos DinFamiljejurist, om du \u00e4ven anv\u00e4nder ditt medlemskap, Information om ditt medlemsnummer,<\/p>\n<p>Information om vilka nyhetsmail du \u00f6ppnar och klickar in,<\/p>\n<p>Information om vilka sidor du bes\u00f6ker p\u00e5 DinFamiljejurist.nu och vilka produkter du klickar p\u00e5 och l\u00e4gger i\u00a0varukorgen samt dina s\u00f6kningar inne p\u00e5 DinFamiljejurist.nu g\u00e4llande DinFamiljejurist Personuppgiftspolicy,<\/p>\n<p>Svara p\u00e5 fr\u00e5gor fr\u00e5n oss och dialog du har med oss om dina k\u00f6p eller ditt medlemskap Information om du deltar i v\u00e5ra t\u00e4vlingar.<\/p>\n<p>Vi vidarebefordrar din information till tredje part d\u00e4r det \u00e4r relevant f\u00f6r ditt medlemskap eller d\u00e4r vi \u00e4r\u00a0skyldiga att g\u00f6ra det enligt lag.<\/p>\n<p>Syftet med v\u00e5r behandling av dina uppgifter \u00e4r att ut\u00f6va riktad marknadsf\u00f6ring av v\u00e5ra tj\u00e4nster. V\u00e5r\u00a0r\u00e4ttsliga grund f\u00f6r att behandla dina uppgifter f\u00f6r detta \u00e4ndam\u00e5l \u00e4r ditt samtycke till medlemskap hos DinFamiljejurist, jfr. artikel 6 st. 1 a) dataskyddsf\u00f6rordningen. Du har alltid m\u00f6jlighet att \u00e5terkalla ditt\u00a0samtycke genom att avsluta ditt medlemskap.<\/p>\n<p>Dina uppgifter behandlas enligt f\u00f6ljande:<\/p>\n<p>Vi anv\u00e4nder din information f\u00f6r profilering f\u00f6r att f\u00e5 kunskap om dina produktpreferenser, s\u00e5 att vi kan\u00a0rikta v\u00e5r marknadsf\u00f6ring och kommunikation med dig och p\u00e5 s\u00e5 s\u00e4tt s\u00e4kerst\u00e4lla att du f\u00e5r relevanta\u00a0erbjudanden som matchar dig och dina intressen.<\/p>\n<p>Om du har deltagit i n\u00e5gon av v\u00e5ra t\u00e4vlingar anv\u00e4nder vi \u00e4ven den information du har l\u00e4mnat i samband\u00a0med ditt deltagande f\u00f6r att ge dig ditt pris om du vinner.<\/p>\n<p>I samband med f\u00f6rfr\u00e5gningar fr\u00e5n dig, t.ex. ang\u00e5ende dina k\u00f6p eller ditt medlemskap kommer din\u00a0information att anv\u00e4ndas f\u00f6r att svara p\u00e5 din f\u00f6rfr\u00e5gan.<\/p>\n<p>Vid konkret misstanke om missbruk av DinFamiljejurist-medlemskap kan dina uppgifter \u00e4ven komma att\u00a0anv\u00e4ndas i samband med utredningar av eventuella oegentligheter. Syftet med denna behandling \u00e4r att\u00a0skydda DinFamiljejurist tillg\u00e5ngar och v\u00e5r befogenhet att behandla din information f\u00f6r detta \u00e4ndam\u00e5l \u00e4r<\/p>\n<p>v\u00e5rt ber\u00e4ttigade intresse av att f\u00f6rebygga och uppt\u00e4cka oegentligheter som kan leda till f\u00f6rlust f\u00f6r oss jfr. artikel 6 st. 1 f) dataskyddsf\u00f6rordningen.<\/p>\n<p>Din information kommer endast att anv\u00e4ndas f\u00f6r ovanst\u00e5ende \u00e4ndam\u00e5l. Vi delar inte din information med\u00a0v\u00e5ra partners d\u00e4r det inte \u00e4r relevant om du inte ber oss att g\u00f6ra det, t.ex. i samband med\u00a0\u00e4rendebehandlingen. Dina uppgifter kommer dock att delas med Skatteverkets register f\u00f6r uppdatering av\u00a0dina uppgifter samt de andra register som anses vara strikt n\u00f6dv\u00e4ndiga f\u00f6r att driva ditt medlemskap p\u00e5 en\u00a0effektiv niv\u00e5.<\/p>\n<p>Du kan alltid ta reda p\u00e5 vem vi delar din data med genom att be om insyn i din information; se nedan.<\/p>\n<p><b>Dina r\u00e4ttigheter<\/b><\/p>\n<h2>Radering av personuppgifter hos DinFamiljejurist<\/h2>\n<p>Vi raderar dina personuppgifter n\u00e4r de inte l\u00e4ngre beh\u00f6vs f\u00f6r det \u00e4ndam\u00e5l f\u00f6r vilket uppgifterna samlades\u00a0in, behandlades och lagrades. Det inneb\u00e4r att om du inte har anv\u00e4nt ditt DinFamiljejurist-medlemskap p\u00e5\u00a020 \u00e5r f\u00f6rbeh\u00e5ller vi oss r\u00e4tten att radera ditt medlemskap inklusive din profil.\u00a0<\/p>\n<p>Du kommer informeras per e-post i f\u00f6rv\u00e4g om att vi har f\u00f6r avsikt att avaktivera ditt medlemskap och du\u00a0kommer att ges m\u00f6jlighet att svara om du inte vill att vi ska radera dina uppgifter.\u00a0<\/p>\n<h2>Insikt<\/h2>\n<p>Som medlem hos DinFamiljejurist kan du p\u00e5 beg\u00e4ran f\u00e5 insyn i vilken information vi har behandlat om dig,\u00a0var den kommer ifr\u00e5n och vad vi anv\u00e4nder den till.\u00a0<\/p>\n<p>Du kan ocks\u00e5 f\u00e5 information om hur l\u00e4nge vi lagrar dina uppgifter och vem som tar emot uppgifter om dig i\u00a0den m\u00e5n vi vidarebefordrar uppgifter i Sverige och utomlands.<\/p>\n<h2>R\u00e4ttelse av dina uppgifter<\/h2>\n<p>Vid \u00e4ndring av dina kunduppgifter, till exempel ditt namn, e-post eller telefonnummer, har du en skyldighet\u00a0att informera DinFamiljejurist om detta. Du kan n\u00e4r som helst uppdatera dina kunduppgifter genom att\u00a0logga in p\u00e5 din profil eller kontakta oss p\u00e5 <a href=\"mailto:kontakt@dinfamiljejurist.nu\" target=\"_blank\" rel=\"noopener\">kontakt@dinfamiljejurist.nu<\/a> eller <a href=\"tel:+46406820530\">+46406820530<\/a>. Om\u00a0uppgifterna om dina anh\u00f6riga \u00e4ndras \u00e4r du skyldig att meddela oss.\u00a0<\/p>\n<h2>\u00d6nska att bli raderad<\/h2>\n<p>Du kan ocks\u00e5 be DinFamiljejurist att s\u00e4ga upp ditt medlemskap om du inte l\u00e4ngre vill vara medlem. Du kan\u00a0g\u00f6ra detta p\u00e5 din profil eller s\u00e5 kan du anv\u00e4nda kontaktformul\u00e4ret under fliken &#8221;Kontakta oss&#8221;. Du kan\u00a0<\/p>\n<p>ocks\u00e5 kontakta oss p\u00e5 <a href=\"mailto:kontakt@dinfamiljejurist.nu\" target=\"_blank\" rel=\"noopener\">kontakt@dinfamiljejurist.nu<\/a> eller <a href=\"tel:+46406820530\">+46406820530<\/a>. Du m\u00e5ste vara medveten om att\u00a0vid upps\u00e4gning av ditt medlemskap kommer all information som samlas in om dig att raderas.<\/p>\n<h2>Begr\u00e4nsning av behandling<\/h2>\n<p>I vissa fall har du m\u00f6jlighet att begr\u00e4nsa behandlingen av dina uppgifter. Det kan till exempel vara fallet om\u00a0du anser att vi har felaktiga uppgifter om dig och vill att vi slutar behandla dem, men att vi under en period\u00a0\u00e4r tvungna att beh\u00e5lla dem i f\u00f6rh\u00e5llande till v\u00e5ra dokumentationskrav. Det kan ocks\u00e5 h\u00e4nda att dina\u00a0uppgifter beh\u00f6ver anv\u00e4ndas f\u00f6r ett r\u00e4ttsanspr\u00e5k men inte behandlas i \u00f6vrigt.<\/p>\n<h2>R\u00e4tt att inv\u00e4nda mot direktmarknadsf\u00f6ring<\/h2>\n<p>Om DinFamiljejurist marknadsf\u00f6r direkt till dig har du r\u00e4tt att inv\u00e4nda mot det. Med direktmarknadsf\u00f6ring\u00a0menas en marknadsf\u00f6ring som riktar sig direkt till dig som individ och som bara du kommer att f\u00e5. Om du\u00a0inv\u00e4nder mot ovanst\u00e5ende hantering i f\u00f6rh\u00e5llande till direktmarknadsf\u00f6ring kommer vi att stoppa all\u00a0marknadsf\u00f6ring som direkt riktar sig till dig som individ vid tidpunkten f\u00f6r inv\u00e4ndningen.\u00a0<\/p>\n<h2>Kontakta oss<\/h2>\n<p>Vill du ha mer information, \u00e4ndra eller radera dina uppgifter p\u00e5 din medlemsprofil \u00e4r du alltid v\u00e4lkommen\u00a0att kontakta oss. Du kan antingen skriva till oss p\u00e5 e-postadressen <a href=\"mailto:kontakt@dinfamiljejurist.nu\" target=\"_blank\" rel=\"noopener\">kontakt@dinfamiljejurist.nu<\/a> eller s\u00e5 kan\u00a0du kontakta oss p\u00e5 v\u00e5r telefon <a href=\"tel:+46406820530\">+46406820530<\/a>.<\/p>\n<h2>Klagom\u00e5l till tillsynsmyndigheten<\/h2>\n<p>Du har \u00e4ven m\u00f6jlighet att klaga p\u00e5 DinFamiljejurist behandling av dina personuppgifter. Klagom\u00e5let ska\u00a0l\u00e4mnas till Integritetsskyddsmyndigheten.\u00a0<\/p>\n<h2>F\u00f6r\u00e4ndringar i medlemskap<\/h2>\n<p>DinFamiljejurist ApS f\u00f6rbeh\u00e5ller sig r\u00e4tten att \u00e4ndra villkoren f\u00f6r f\u00f6rm\u00e5nsprogrammet och att helt avbryta\u00a0DInFamiljejurist-medlemskap med 1 m\u00e5nads varsel. Alla dina dokument kommer att skickas till din e-post\u00a0och de andra tj\u00e4nsterna kommer att f\u00f6rfalla d\u00e4rifr\u00e5n. Om det sker v\u00e4sentliga f\u00f6r\u00e4ndringar med\u00a0f\u00f6rm\u00e5nsprogrammet kommer DinFamiljejurist ApS att informera dig om det i ett mejl. DinFamiljejurist ApS\u00a0anser att \u00e4ndringarna \u00e4r godk\u00e4nda av dig om du forts\u00e4tter att anv\u00e4nda ditt DinFamiljejurist-medlemskap\u00a0efter att du mottagit mejlet. Om du inte kan acceptera \u00e4ndringarna m\u00e5ste du avregistrera dig fr\u00e5n\u00a0DinFamiljejurist.<\/p>\n<p>Missbruk av medlemskapet kan leda till permanent uteslutning av DinFamiljejurist. Exempel p\u00e5 \u00f6vergrepp\u00a0kan vara fusk med medlemskapet eller oacceptabelt beteende mot din Familjejurists anst\u00e4llda.<\/p>\n","protected":false},"excerpt":{"rendered":"<p>Det \u00e4r viktigt att du tar dig tid att l\u00e4sa DinFamiljejurist villkor noggrant innan du tackar ja och anm\u00e4ler dig.\u00a0Du m\u00e5ste veta vad du s\u00e4ger ja till.\u00a0 Din Familiejurist ApS (CVR. 40165509) motsvarar det f\u00f6retag p\u00e5 den danska sidan som \u00e4ven \u00e4r grundaren\u00a0till DinFamiljejurist. Vi har ett kontor i Danmark, K\u00f6penhamn och ett i Sverige, [&hellip;]<\/p>\n","protected":false},"author":1,"featured_media":0,"parent":0,"menu_order":0,"comment_status":"closed","ping_status":"closed","template":"template-pages\/terms-of-service.php","meta":{"footnotes":""},"class_list":["post-548","page","type-page","status-publish","hentry"],"acf":[],"_links":{"self":[{"href":"https:\/\/app.dinfamiliejurist.dk\/sv\/wp-json\/wp\/v2\/pages\/548","targetHints":{"allow":["GET"]}}],"collection":[{"href":"https:\/\/app.dinfamiliejurist.dk\/sv\/wp-json\/wp\/v2\/pages"}],"about":[{"href":"https:\/\/app.dinfamiliejurist.dk\/sv\/wp-json\/wp\/v2\/types\/page"}],"author":[{"embeddable":true,"href":"https:\/\/app.dinfamiliejurist.dk\/sv\/wp-json\/wp\/v2\/users\/1"}],"replies":[{"embeddable":true,"href":"https:\/\/app.dinfamiliejurist.dk\/sv\/wp-json\/wp\/v2\/comments?post=548"}],"version-history":[{"count":5,"href":"https:\/\/app.dinfamiliejurist.dk\/sv\/wp-json\/wp\/v2\/pages\/548\/revisions"}],"predecessor-version":[{"id":1822,"href":"https:\/\/app.dinfamiliejurist.dk\/sv\/wp-json\/wp\/v2\/pages\/548\/revisions\/1822"}],"wp:attachment":[{"href":"https:\/\/app.dinfamiliejurist.dk\/sv\/wp-json\/wp\/v2\/media?parent=548"}],"curies":[{"name":"wp","href":"https:\/\/api.w.org\/{rel}","templated":true}]}}